{"id":32,"date":"2025-04-22T14:47:32","date_gmt":"2025-04-22T14:47:32","guid":{"rendered":"https:\/\/abc13559.sg-host.com\/?page_id=32"},"modified":"2026-03-26T12:57:53","modified_gmt":"2026-03-26T10:57:53","slug":"algemene-voorwaarden","status":"publish","type":"page","link":"https:\/\/cafededijk.nl\/es\/algemene-voorwaarden\/","title":{"rendered":"Condiciones generales"},"content":{"rendered":"<div data-elementor-type=\"wp-page\" data-elementor-id=\"32\" class=\"elementor elementor-32\" data-elementor-post-type=\"page\">\n\t\t\t\t<div class=\"elementor-element elementor-element-64479315 e-flex e-con-boxed e-con e-parent\" data-id=\"64479315\" data-element_type=\"container\" data-e-type=\"container\" data-settings=\"{&quot;jet_parallax_layout_list&quot;:[]}\">\n\t\t\t\t\t<div class=\"e-con-inner\">\n\t\t\t\t<div class=\"elementor-element elementor-element-7923e25 elementor-widget elementor-widget-text-editor\" data-id=\"7923e25\" data-element_type=\"widget\" data-e-type=\"widget\" data-widget_type=\"text-editor.default\">\n\t\t\t\t<div class=\"elementor-widget-container\">\n\t\t\t\t\t\t\t\t\t\n<h1 class=\"wp-block-heading\">CONDICIONES GENERALES CAF\u00c9 DE DIJK VOLENDAM<\/h1>\n\n<p>Somos <strong>Caf\u00e9 De Dijk<\/strong>el restaurante del puerto de Volendam, donde podr\u00e1 disfrutar de caf\u00e9, almuerzo y cena con hermosas vistas del IJsselmeer.<\/p>\n\n<p><strong>Condiciones generales <a href=\"https:\/\/cafededijk.nl\/es\/\">https:\/\/www.cafededijk.nl\/<\/a><\/strong><\/p>\n\n<p>En nuestro sitio web podr\u00e1 reservar mesa f\u00e1cilmente y consultar nuestra carta. Tambi\u00e9n encontrar\u00e1 informaci\u00f3n sobre nuestras cambiantes ofertas semanales y otras sabrosas ofertas. Hemos establecido algunas condiciones de uso de cafededijk.nl:<\/p>\n\n<h2 class=\"wp-block-heading\">\u00bfQui\u00e9nes somos?<\/h2>\n\n<p><strong>Caf\u00e9 De Dijk B.V.<\/strong><br \/>Haven 108<br \/>1131 EV Volendam<br \/>C\u00c1MARA DE COMERCIO: 62957929<br \/>IVA: NL855028671B01<br \/>Correo electr\u00f3nico: <a href=\"mailto:info@dedijkvolendam.nl\">info@cafededijk.nl<\/a><br \/>Tel\u00e9fono: <a href=\"https:\/\/www.google.com\/search?q=de+dijk+telefoon+volendam&amp;sca_esv=4443c35cc00d3ade&amp;rlz=1C5CHFA_enNL1156NL1156&amp;sxsrf=AE3TifNY3HYGWlESNXOF4QLYwBXyQ09kDQ%3A1750660602561&amp;ei=-vVYaNaAIvzo7_UPgcTw0QU&amp;ved=0ahUKEwjW5dn69oaOAxV89LsIHQEiPFoQ4dUDCBA&amp;uact=5&amp;oq=de+dijk+telefoon+volendam&amp;gs_lp=Egxnd3Mtd2l6LXNlcnAiGWRlIGRpamsgdGVsZWZvb24gdm9sZW5kYW0yBxAhGKABGAoyBxAhGKABGAoyBRAhGJ8FMgUQIRifBTIFECEYnwUyBRAhGJ8FMgUQIRifBTIFECEYnwUyBRAhGJ8FMgUQIRifBUjPCFCdAViXCHABeAGQAQCYAa0BoAGhBaoBAzcuMbgBA8gBAPgBAZgCCaACzgXCAgcQIxiwAxgnwgIKEAAYsAMY1gQYR8ICBRAhGKABmAMAiAYBkAYJkgcDOC4xoAfhSbIHAzcuMbgHyAXCBwUwLjUuNMgHHQ&amp;sclient=gws-wiz-serp#\">0299 363 768<\/a><\/p>\n\n<p>\u00a0<\/p>\n\n<h2 class=\"wp-block-heading\">2. \u00bfDe qu\u00e9 tratan estas condiciones?<\/h2>\n\n<p>Estas condiciones se aplican cuando usted:<\/p>\n\n<ul class=\"wp-block-list\">\n<li>Visite nuestro sitio web<\/li>\n\n<li>Reserve una mesa a trav\u00e9s de nuestro sitio web<\/li>\n\n<li>Ver informaci\u00f3n sobre nuestro men\u00fa y ofertas<\/li>\n\n<li>Compre una tarjeta regalo en nuestro restaurante<\/li>\n<\/ul>\n\n<h3 class=\"wp-block-heading\">3. Reservas<\/h3>\n\n<ul class=\"wp-block-list\">\n<li>Puede reservar una mesa a trav\u00e9s de nuestro sitio web<\/li>\n\n<li>Le enviaremos una confirmaci\u00f3n por correo electr\u00f3nico<\/li>\n\n<li>\u00bfNo podemos aceptar su reserva? Entonces se lo comunicaremos lo antes posible<\/li>\n\n<li>\u00bfNo vas a venir despu\u00e9s de todo? H\u00e1znoslo saber.<\/li>\n\n<li>Las reservas tambi\u00e9n pueden hacerse por tel\u00e9fono a trav\u00e9s de <a href=\"https:\/\/www.google.com\/search?q=de+dijk+telefoon+volendam&amp;sca_esv=4443c35cc00d3ade&amp;rlz=1C5CHFA_enNL1156NL1156&amp;sxsrf=AE3TifNY3HYGWlESNXOF4QLYwBXyQ09kDQ%3A1750660602561&amp;ei=-vVYaNaAIvzo7_UPgcTw0QU&amp;ved=0ahUKEwjW5dn69oaOAxV89LsIHQEiPFoQ4dUDCBA&amp;uact=5&amp;oq=de+dijk+telefoon+volendam&amp;gs_lp=Egxnd3Mtd2l6LXNlcnAiGWRlIGRpamsgdGVsZWZvb24gdm9sZW5kYW0yBxAhGKABGAoyBxAhGKABGAoyBRAhGJ8FMgUQIRifBTIFECEYnwUyBRAhGJ8FMgUQIRifBTIFECEYnwUyBRAhGJ8FMgUQIRifBUjPCFCdAViXCHABeAGQAQCYAa0BoAGhBaoBAzcuMbgBA8gBAPgBAZgCCaACzgXCAgcQIxiwAxgnwgIKEAAYsAMY1gQYR8ICBRAhGKABmAMAiAYBkAYJkgcDOC4xoAfhSbIHAzcuMbgHyAXCBwUwLjUuNMgHHQ&amp;sclient=gws-wiz-serp#\">0299 363 768<\/a><\/li>\n<\/ul>\n\n<h3 class=\"wp-block-heading\">4. Tarjetas regalo<\/h3>\n\n<ul class=\"wp-block-list\">\n<li>Las tarjetas regalo no pueden devolverse<\/li>\n\n<li>\u00a0<\/li>\n<\/ul>\n\n<h3 class=\"wp-block-heading\">5. 5. Uso de nuestro sitio web<\/h3>\n\n<ul class=\"wp-block-list\">\n<li>Hacemos todo lo posible para que toda la informaci\u00f3n sea exacta<\/li>\n\n<li>A veces el sitio web puede estar fuera de l\u00ednea por mantenimiento<\/li>\n\n<li>Consulte la pizarra de nuestro restaurante para ver las ofertas semanales. Fotos y rese\u00f1as<\/li>\n\n<li>\u00bfEst\u00e1s haciendo fotos en nuestro restaurante? Muy bien. No dudes en etiquetarnos en las redes sociales<\/li>\n<\/ul>\n\n<h3 class=\"wp-block-heading\">6. Su intimidad<\/h3>\n\n<ul class=\"wp-block-list\">\n<li>Tratamos sus datos con cuidado<\/li>\n\n<li>Utilizamos cookies para que el sitio web funcione mejor<\/li>\n\n<li>Encontrar\u00e1 m\u00e1s informaci\u00f3n en nuestra Declaraci\u00f3n de confidencialidad en el sitio web<\/li>\n<\/ul>\n\n<h3 class=\"wp-block-heading\">7. \u00bfQuejas?<\/h3>\n\n<p>\u00bfTiene alguna queja? Env\u00ede un correo electr\u00f3nico a <a href=\"mailto:info@dedijkvolendam.nl\">info@dedijkvolendam.nl<\/a>. Intentaremos ayudarle lo antes posible.<\/p>\n\n<p>Si deja una opini\u00f3n, es posible que nos pongamos en contacto con usted para comentar su experiencia. \u00bfYa no lo desea? Si es as\u00ed, h\u00e1ganoslo saber.<\/p>\n\n<h3 class=\"wp-block-heading\">8. \u00bfQu\u00e9 puede hacer con nuestro sitio web?<\/h3>\n\n<ul class=\"wp-block-list\">\n<li>Puede imprimir la informaci\u00f3n para su propio uso<\/li>\n\n<li>No puede limitarse a utilizar nuestras fotos y textos para su propio sitio web o redes sociales.<\/li>\n\n<li>P\u00eddanos permiso primero si quiere utilizar algo<\/li>\n<\/ul>\n\n<h3 class=\"wp-block-heading\">9. Responsabilidad<\/h3>\n\n<ul class=\"wp-block-list\">\n<li>No nos hacemos responsables de los errores del sitio web<\/li>\n\n<li>No nos hacemos responsables de los sitios web a los que enlazamos<\/li>\n<\/ul>\n\n<h3 class=\"wp-block-heading\">10. Cambios<\/h3>\n\n<p>Es posible que modifiquemos estas condiciones. Por lo tanto, compruebe de vez en cuando si algo ha cambiado.<\/p>\n\n<h3 class=\"wp-block-heading\">11. \u00bfPreguntas o problemas?<\/h3>\n\n<ul class=\"wp-block-list\">\n<li>Estas condiciones se rigen por la legislaci\u00f3n neerlandesa<\/li>\n\n<li>Para problemas mayores, pasa por el tribunal de Holanda Septentrional<\/li>\n\n<li>\u00a1Pero preferimos resolverlo juntos!<\/li>\n<\/ul>\n\n<h3 class=\"wp-block-heading\">12. 12. Horario de apertura<\/h3>\n\n<p>Abrimos los 7 d\u00edas de la semana a partir de las 10.00 h.<\/p>\n\n<ul class=\"wp-block-list\">\n<li><strong>La comida:<\/strong> L-V 11:00-17:00, S-D 11:30-17:00<\/li>\n\n<li><strong>La cena:<\/strong> De lunes a viernes, de 17.00 a 22.00 h.; s\u00e1bados y domingos, de 17.30 a 22.00 h.<\/li>\n<\/ul>\n\n<p>Consulte siempre nuestro sitio web para conocer los horarios actuales o los d\u00edas festivos especiales.<\/p>\n\n<h3 class=\"wp-block-heading\">13. Paquetes diarios<\/h3>\n\n<ul class=\"wp-block-list\">\n<li>Ofrecemos paquetes de un d\u00eda completo<\/li>\n\n<li>Piense en: ciclismo, paseos en barco por el IJsselmeer, viajes culturales<\/li>\n\n<li>Todo a la medida de sus necesidades<\/li>\n\n<li>Consulte las posibilidades a trav\u00e9s de nuestra p\u00e1gina web o ll\u00e1menos<\/li>\n<\/ul>\n\n<h3 class=\"wp-block-heading\">14. Ocasiones especiales<\/h3>\n\n<ul class=\"wp-block-list\">\n<li>Hablaremos personalmente de las condiciones de cancelaci\u00f3n para grupos<\/li>\n\n<li>A veces se aplican condiciones diferentes para grupos y ocasiones especiales<\/li>\n\n<li>Com\u00e9ntelo al hacer la reserva<\/li>\n<\/ul>\n\n<p><strong>\u00daltima actualizaci\u00f3n:<\/strong> 23-06-2025<\/p>\n<hr class=\"wp-block-separator has-alpha-channel-opacity\" \/>\n<p><strong>Contacto:<\/strong><br \/>Caf\u00e9 De Dijk Volendam<br \/>Puerto 108, 1131 EV Volendam<br \/><a href=\"mailto:info@dedijkvolendam.nl\">info@dedijkvolendam.nl<\/a><\/p>\n\n<p>\u00a0<\/p>\n\t\t\t\t\t\t\t\t<\/div>\n\t\t\t\t<\/div>\n\t\t\t\t\t<\/div>\n\t\t\t\t<\/div>\n\t\t\t\t<\/div>","protected":false},"excerpt":{"rendered":"<p>ALGEMENE VOORWAARDEN CAF\u00c9 DE DIJK VOLENDAM Wij zijn Caf\u00e9 De Dijk, het restaurant aan de haven van Volendam waar je kunt genieten van koffie, lunch en diner met prachtig uitzicht op het IJsselmeer. Algemene voorwaarden https:\/\/www.cafededijk.nl\/ Via onze website maken we het je graag makkelijk om een tafel te reserveren en alvast een kijkje te [&hellip;]<\/p>\n","protected":false},"author":1,"featured_media":0,"parent":0,"menu_order":0,"comment_status":"closed","ping_status":"closed","template":"","meta":{"footnotes":""},"class_list":["post-32","page","type-page","status-publish","hentry"],"yoast_head":"<!-- This site is optimized with the Yoast SEO plugin v27.6 - https:\/\/yoast.com\/product\/yoast-seo-wordpress\/ -->\n<title>Lees hier onze algemene voorwaarden | Caf\u00e9 de Dijk<\/title>\n<meta name=\"description\" content=\"Lees hier de algemene voorwaarden van Caf\u00e9 de Dijk. Onze transparante afspraken over reserveringen, betalingen, aansprakelijkheid en meer.\" \/>\n<meta name=\"robots\" content=\"index, follow, max-snippet:-1, max-image-preview:large, max-video-preview:-1\" \/>\n<link rel=\"canonical\" href=\"https:\/\/cafededijk.nl\/es\/algemene-voorwaarden\/\" \/>\n<meta property=\"og:locale\" content=\"es_ES\" \/>\n<meta property=\"og:type\" content=\"article\" \/>\n<meta property=\"og:title\" content=\"Lees hier onze algemene voorwaarden | Caf\u00e9 de Dijk\" \/>\n<meta property=\"og:description\" content=\"Lees hier de algemene voorwaarden van Caf\u00e9 de Dijk. Onze transparante afspraken over reserveringen, betalingen, aansprakelijkheid en meer.\" \/>\n<meta property=\"og:url\" content=\"https:\/\/cafededijk.nl\/es\/algemene-voorwaarden\/\" \/>\n<meta property=\"og:site_name\" content=\"Cafe De Dijk\" \/>\n<meta property=\"article:modified_time\" content=\"2026-03-26T10:57:53+00:00\" \/>\n<meta name=\"twitter:card\" content=\"summary_large_image\" \/>\n<meta name=\"twitter:label1\" content=\"Tiempo de lectura\" \/>\n\t<meta name=\"twitter:data1\" content=\"3 minutos\" \/>\n<script type=\"application\/ld+json\" class=\"yoast-schema-graph\">{\"@context\":\"https:\\\/\\\/schema.org\",\"@graph\":[{\"@type\":\"WebPage\",\"@id\":\"https:\\\/\\\/cafededijk.nl\\\/algemene-voorwaarden\\\/\",\"url\":\"https:\\\/\\\/cafededijk.nl\\\/algemene-voorwaarden\\\/\",\"name\":\"Lees hier onze algemene voorwaarden | Caf\u00e9 de Dijk\",\"isPartOf\":{\"@id\":\"https:\\\/\\\/cafededijk.nl\\\/#website\"},\"datePublished\":\"2025-04-22T14:47:32+00:00\",\"dateModified\":\"2026-03-26T10:57:53+00:00\",\"description\":\"Lees hier de algemene voorwaarden van Caf\u00e9 de Dijk. Onze transparante afspraken over reserveringen, betalingen, aansprakelijkheid en meer.\",\"breadcrumb\":{\"@id\":\"https:\\\/\\\/cafededijk.nl\\\/algemene-voorwaarden\\\/#breadcrumb\"},\"inLanguage\":\"es\",\"potentialAction\":[{\"@type\":\"ReadAction\",\"target\":[\"https:\\\/\\\/cafededijk.nl\\\/algemene-voorwaarden\\\/\"]}]},{\"@type\":\"BreadcrumbList\",\"@id\":\"https:\\\/\\\/cafededijk.nl\\\/algemene-voorwaarden\\\/#breadcrumb\",\"itemListElement\":[{\"@type\":\"ListItem\",\"position\":1,\"name\":\"Home\",\"item\":\"https:\\\/\\\/cafededijk.nl\\\/\"},{\"@type\":\"ListItem\",\"position\":2,\"name\":\"Algemene Voorwaarden\"}]},{\"@type\":\"WebSite\",\"@id\":\"https:\\\/\\\/cafededijk.nl\\\/#website\",\"url\":\"https:\\\/\\\/cafededijk.nl\\\/\",\"name\":\"Cafe De Dijk\",\"description\":\"\",\"publisher\":{\"@id\":\"https:\\\/\\\/cafededijk.nl\\\/#organization\"},\"potentialAction\":[{\"@type\":\"SearchAction\",\"target\":{\"@type\":\"EntryPoint\",\"urlTemplate\":\"https:\\\/\\\/cafededijk.nl\\\/?s={search_term_string}\"},\"query-input\":{\"@type\":\"PropertyValueSpecification\",\"valueRequired\":true,\"valueName\":\"search_term_string\"}}],\"inLanguage\":\"es\"},{\"@type\":\"Organization\",\"@id\":\"https:\\\/\\\/cafededijk.nl\\\/#organization\",\"name\":\"Cafe De Dijk\",\"url\":\"https:\\\/\\\/cafededijk.nl\\\/\",\"logo\":{\"@type\":\"ImageObject\",\"inLanguage\":\"es\",\"@id\":\"https:\\\/\\\/cafededijk.nl\\\/#\\\/schema\\\/logo\\\/image\\\/\",\"url\":\"https:\\\/\\\/cafededijk.nl\\\/wp-content\\\/uploads\\\/2025\\\/04\\\/brand_logo.webp\",\"contentUrl\":\"https:\\\/\\\/cafededijk.nl\\\/wp-content\\\/uploads\\\/2025\\\/04\\\/brand_logo.webp\",\"width\":780,\"height\":240,\"caption\":\"Cafe De Dijk\"},\"image\":{\"@id\":\"https:\\\/\\\/cafededijk.nl\\\/#\\\/schema\\\/logo\\\/image\\\/\"}}]}<\/script>\n<!-- \/ Yoast SEO plugin. -->","yoast_head_json":{"title":"Lees hier onze algemene voorwaarden | Caf\u00e9 de Dijk","description":"Lees hier de algemene voorwaarden van Caf\u00e9 de Dijk. Onze transparante afspraken over reserveringen, betalingen, aansprakelijkheid en meer.","robots":{"index":"index","follow":"follow","max-snippet":"max-snippet:-1","max-image-preview":"max-image-preview:large","max-video-preview":"max-video-preview:-1"},"canonical":"https:\/\/cafededijk.nl\/es\/algemene-voorwaarden\/","og_locale":"es_ES","og_type":"article","og_title":"Lees hier onze algemene voorwaarden | Caf\u00e9 de Dijk","og_description":"Lees hier de algemene voorwaarden van Caf\u00e9 de Dijk. Onze transparante afspraken over reserveringen, betalingen, aansprakelijkheid en meer.","og_url":"https:\/\/cafededijk.nl\/es\/algemene-voorwaarden\/","og_site_name":"Cafe De Dijk","article_modified_time":"2026-03-26T10:57:53+00:00","twitter_card":"summary_large_image","twitter_misc":{"Tiempo de lectura":"3 minutos"},"schema":{"@context":"https:\/\/schema.org","@graph":[{"@type":"WebPage","@id":"https:\/\/cafededijk.nl\/algemene-voorwaarden\/","url":"https:\/\/cafededijk.nl\/algemene-voorwaarden\/","name":"Lees hier onze algemene voorwaarden | Caf\u00e9 de Dijk","isPartOf":{"@id":"https:\/\/cafededijk.nl\/#website"},"datePublished":"2025-04-22T14:47:32+00:00","dateModified":"2026-03-26T10:57:53+00:00","description":"Lees hier de algemene voorwaarden van Caf\u00e9 de Dijk. Onze transparante afspraken over reserveringen, betalingen, aansprakelijkheid en meer.","breadcrumb":{"@id":"https:\/\/cafededijk.nl\/algemene-voorwaarden\/#breadcrumb"},"inLanguage":"es","potentialAction":[{"@type":"ReadAction","target":["https:\/\/cafededijk.nl\/algemene-voorwaarden\/"]}]},{"@type":"BreadcrumbList","@id":"https:\/\/cafededijk.nl\/algemene-voorwaarden\/#breadcrumb","itemListElement":[{"@type":"ListItem","position":1,"name":"Home","item":"https:\/\/cafededijk.nl\/"},{"@type":"ListItem","position":2,"name":"Algemene Voorwaarden"}]},{"@type":"WebSite","@id":"https:\/\/cafededijk.nl\/#website","url":"https:\/\/cafededijk.nl\/","name":"Caf\u00e9 De Dijk","description":"","publisher":{"@id":"https:\/\/cafededijk.nl\/#organization"},"potentialAction":[{"@type":"SearchAction","target":{"@type":"EntryPoint","urlTemplate":"https:\/\/cafededijk.nl\/?s={search_term_string}"},"query-input":{"@type":"PropertyValueSpecification","valueRequired":true,"valueName":"search_term_string"}}],"inLanguage":"es"},{"@type":"Organization","@id":"https:\/\/cafededijk.nl\/#organization","name":"Caf\u00e9 De Dijk","url":"https:\/\/cafededijk.nl\/","logo":{"@type":"ImageObject","inLanguage":"es","@id":"https:\/\/cafededijk.nl\/#\/schema\/logo\/image\/","url":"https:\/\/cafededijk.nl\/wp-content\/uploads\/2025\/04\/brand_logo.webp","contentUrl":"https:\/\/cafededijk.nl\/wp-content\/uploads\/2025\/04\/brand_logo.webp","width":780,"height":240,"caption":"Cafe De Dijk"},"image":{"@id":"https:\/\/cafededijk.nl\/#\/schema\/logo\/image\/"}}]}},"jetpack_sharing_enabled":true,"_links":{"self":[{"href":"https:\/\/cafededijk.nl\/es\/wp-json\/wp\/v2\/pages\/32","targetHints":{"allow":["GET"]}}],"collection":[{"href":"https:\/\/cafededijk.nl\/es\/wp-json\/wp\/v2\/pages"}],"about":[{"href":"https:\/\/cafededijk.nl\/es\/wp-json\/wp\/v2\/types\/page"}],"author":[{"embeddable":true,"href":"https:\/\/cafededijk.nl\/es\/wp-json\/wp\/v2\/users\/1"}],"replies":[{"embeddable":true,"href":"https:\/\/cafededijk.nl\/es\/wp-json\/wp\/v2\/comments?post=32"}],"version-history":[{"count":5,"href":"https:\/\/cafededijk.nl\/es\/wp-json\/wp\/v2\/pages\/32\/revisions"}],"predecessor-version":[{"id":3975,"href":"https:\/\/cafededijk.nl\/es\/wp-json\/wp\/v2\/pages\/32\/revisions\/3975"}],"wp:attachment":[{"href":"https:\/\/cafededijk.nl\/es\/wp-json\/wp\/v2\/media?parent=32"}],"curies":[{"name":"wp","href":"https:\/\/api.w.org\/{rel}","templated":true}]}}