{"id":32,"date":"2025-04-22T14:47:32","date_gmt":"2025-04-22T14:47:32","guid":{"rendered":"https:\/\/abc13559.sg-host.com\/?page_id=32"},"modified":"2026-03-26T12:57:53","modified_gmt":"2026-03-26T10:57:53","slug":"algemene-voorwaarden","status":"publish","type":"page","link":"https:\/\/cafededijk.nl\/fr\/algemene-voorwaarden\/","title":{"rendered":"Conditions g\u00e9n\u00e9rales d'utilisation"},"content":{"rendered":"<div data-elementor-type=\"wp-page\" data-elementor-id=\"32\" class=\"elementor elementor-32\" data-elementor-post-type=\"page\">\n\t\t\t\t<div class=\"elementor-element elementor-element-64479315 e-flex e-con-boxed e-con e-parent\" data-id=\"64479315\" data-element_type=\"container\" data-e-type=\"container\" data-settings=\"{&quot;jet_parallax_layout_list&quot;:[]}\">\n\t\t\t\t\t<div class=\"e-con-inner\">\n\t\t\t\t<div class=\"elementor-element elementor-element-7923e25 elementor-widget elementor-widget-text-editor\" data-id=\"7923e25\" data-element_type=\"widget\" data-e-type=\"widget\" data-widget_type=\"text-editor.default\">\n\t\t\t\t<div class=\"elementor-widget-container\">\n\t\t\t\t\t\t\t\t\t\n<h1 class=\"wp-block-heading\">CONDITIONS G\u00c9N\u00c9RALES CAF\u00c9 DE DIJK VOLENDAM<\/h1>\n\n<p>Nous sommes <strong>Caf\u00e9 De Dijk<\/strong>le restaurant du port de Volendam o\u00f9 vous pouvez prendre un caf\u00e9, un d\u00e9jeuner ou un d\u00eener avec une vue magnifique sur l'IJsselmeer.<\/p>\n\n<p><strong>Conditions g\u00e9n\u00e9rales d'utilisation <a href=\"https:\/\/cafededijk.nl\/fr\/\">https:\/\/www.cafededijk.nl\/<\/a><\/strong><\/p>\n\n<p>Notre site web vous permet de r\u00e9server facilement une table et de consulter notre menu. Vous y trouverez \u00e9galement des informations sur nos plats du jour hebdomadaires et d'autres offres savoureuses. Nous avons \u00e9tabli quelques conditions pour l'utilisation de cafededijk.nl :<\/p>\n\n<h2 class=\"wp-block-heading\">Qui sommes-nous ?<\/h2>\n\n<p><strong>Caf\u00e9 De Dijk B.V.<\/strong><br \/>Haven 108<br \/>1131 EV Volendam<br \/>CHAMBRE DE COMMERCE : 62957929<br \/>TVA : NL855028671B01<br \/>E-mail : <a href=\"mailto:info@dedijkvolendam.nl\">info@cafededijk.nl<\/a><br \/>T\u00e9l\u00e9phone : <a href=\"https:\/\/www.google.com\/search?q=de+dijk+telefoon+volendam&amp;sca_esv=4443c35cc00d3ade&amp;rlz=1C5CHFA_enNL1156NL1156&amp;sxsrf=AE3TifNY3HYGWlESNXOF4QLYwBXyQ09kDQ%3A1750660602561&amp;ei=-vVYaNaAIvzo7_UPgcTw0QU&amp;ved=0ahUKEwjW5dn69oaOAxV89LsIHQEiPFoQ4dUDCBA&amp;uact=5&amp;oq=de+dijk+telefoon+volendam&amp;gs_lp=Egxnd3Mtd2l6LXNlcnAiGWRlIGRpamsgdGVsZWZvb24gdm9sZW5kYW0yBxAhGKABGAoyBxAhGKABGAoyBRAhGJ8FMgUQIRifBTIFECEYnwUyBRAhGJ8FMgUQIRifBTIFECEYnwUyBRAhGJ8FMgUQIRifBUjPCFCdAViXCHABeAGQAQCYAa0BoAGhBaoBAzcuMbgBA8gBAPgBAZgCCaACzgXCAgcQIxiwAxgnwgIKEAAYsAMY1gQYR8ICBRAhGKABmAMAiAYBkAYJkgcDOC4xoAfhSbIHAzcuMbgHyAXCBwUwLjUuNMgHHQ&amp;sclient=gws-wiz-serp#\">0299 363 768<\/a><\/p>\n\n<p>\u00a0<\/p>\n\n<h2 class=\"wp-block-heading\">2. Quel est l'objet de ces conditions g\u00e9n\u00e9rales ?<\/h2>\n\n<p>Ces conditions s'appliquent lorsque vous :<\/p>\n\n<ul class=\"wp-block-list\">\n<li>Visitez notre site web<\/li>\n\n<li>R\u00e9servez une table via notre site web<\/li>\n\n<li>Voir les informations sur notre menu et nos offres<\/li>\n\n<li>Acheter une carte cadeau dans notre restaurant<\/li>\n<\/ul>\n\n<h3 class=\"wp-block-heading\">3. R\u00e9servations<\/h3>\n\n<ul class=\"wp-block-list\">\n<li>Vous pouvez r\u00e9server une table via notre site web<\/li>\n\n<li>Nous vous enverrons une confirmation par e-mail<\/li>\n\n<li>Nous ne pouvons pas accepter votre r\u00e9servation ? Nous vous en informerons d\u00e8s que possible.<\/li>\n\n<li>Vous ne viendrez finalement pas ? Faites-le nous savoir.<\/li>\n\n<li>Les r\u00e9servations peuvent \u00e9galement \u00eatre effectu\u00e9es par t\u00e9l\u00e9phone via <a href=\"https:\/\/www.google.com\/search?q=de+dijk+telefoon+volendam&amp;sca_esv=4443c35cc00d3ade&amp;rlz=1C5CHFA_enNL1156NL1156&amp;sxsrf=AE3TifNY3HYGWlESNXOF4QLYwBXyQ09kDQ%3A1750660602561&amp;ei=-vVYaNaAIvzo7_UPgcTw0QU&amp;ved=0ahUKEwjW5dn69oaOAxV89LsIHQEiPFoQ4dUDCBA&amp;uact=5&amp;oq=de+dijk+telefoon+volendam&amp;gs_lp=Egxnd3Mtd2l6LXNlcnAiGWRlIGRpamsgdGVsZWZvb24gdm9sZW5kYW0yBxAhGKABGAoyBxAhGKABGAoyBRAhGJ8FMgUQIRifBTIFECEYnwUyBRAhGJ8FMgUQIRifBTIFECEYnwUyBRAhGJ8FMgUQIRifBUjPCFCdAViXCHABeAGQAQCYAa0BoAGhBaoBAzcuMbgBA8gBAPgBAZgCCaACzgXCAgcQIxiwAxgnwgIKEAAYsAMY1gQYR8ICBRAhGKABmAMAiAYBkAYJkgcDOC4xoAfhSbIHAzcuMbgHyAXCBwUwLjUuNMgHHQ&amp;sclient=gws-wiz-serp#\">0299 363 768<\/a><\/li>\n<\/ul>\n\n<h3 class=\"wp-block-heading\">4. Cartes-cadeaux<\/h3>\n\n<ul class=\"wp-block-list\">\n<li>Les cartes-cadeaux ne peuvent pas \u00eatre retourn\u00e9es<\/li>\n\n<li>\u00a0<\/li>\n<\/ul>\n\n<h3 class=\"wp-block-heading\">5. Utilisation de notre site web<\/h3>\n\n<ul class=\"wp-block-list\">\n<li>Nous faisons de notre mieux pour que toutes les informations soient correctes<\/li>\n\n<li>Le site web peut parfois \u00eatre mis hors ligne pour des raisons de maintenance<\/li>\n\n<li>Consultez le tableau dans notre restaurant pour conna\u00eetre les plats du jour de la semaine. Photos et commentaires<\/li>\n\n<li>Vous prenez des photos dans notre restaurant ? C'est tr\u00e8s bien ! N'h\u00e9sitez pas \u00e0 nous taguer sur les m\u00e9dias sociaux<\/li>\n<\/ul>\n\n<h3 class=\"wp-block-heading\">6. Votre vie priv\u00e9e<\/h3>\n\n<ul class=\"wp-block-list\">\n<li>Nous traitons vos donn\u00e9es avec soin<\/li>\n\n<li>Nous utilisons des cookies pour am\u00e9liorer le fonctionnement du site web<\/li>\n\n<li>De plus amples informations sont disponibles dans notre d\u00e9claration de confidentialit\u00e9 sur le site web.<\/li>\n<\/ul>\n\n<h3 class=\"wp-block-heading\">7. Plaintes ?<\/h3>\n\n<p>Vous avez une plainte \u00e0 formuler ? Envoyez un e-mail \u00e0 <a href=\"mailto:info@dedijkvolendam.nl\">info@dedijkvolendam.nl<\/a>. Nous essaierons de vous aider le plus rapidement possible.<\/p>\n\n<p>Si vous laissez un commentaire, il se peut que nous vous contactions pour discuter de votre exp\u00e9rience. Vous ne le souhaitez plus ? Si c'est le cas, faites-le nous savoir.<\/p>\n\n<h3 class=\"wp-block-heading\">8. Que pouvez-vous faire avec notre site web ?<\/h3>\n\n<ul class=\"wp-block-list\">\n<li>Vous pouvez imprimer les informations pour votre usage personnel<\/li>\n\n<li>Vous ne pouvez pas vous contenter d'utiliser nos photos et nos textes pour votre propre site web ou vos m\u00e9dias sociaux.<\/li>\n\n<li>Demandez-nous d'abord la permission si vous voulez utiliser quelque chose<\/li>\n<\/ul>\n\n<h3 class=\"wp-block-heading\">9. Responsabilit\u00e9<\/h3>\n\n<ul class=\"wp-block-list\">\n<li>Nous ne sommes pas responsables des erreurs sur le site web<\/li>\n\n<li>Nous ne sommes pas responsables des sites web vers lesquels nous \u00e9tablissons des liens<\/li>\n<\/ul>\n\n<h3 class=\"wp-block-heading\">10. Changements<\/h3>\n\n<p>Nous pouvons modifier les pr\u00e9sentes conditions g\u00e9n\u00e9rales. Nous vous invitons donc \u00e0 v\u00e9rifier de temps en temps si quelque chose a chang\u00e9.<\/p>\n\n<h3 class=\"wp-block-heading\">11. Questions ou probl\u00e8mes ?<\/h3>\n\n<ul class=\"wp-block-list\">\n<li>Ces conditions sont r\u00e9gies par le droit n\u00e9erlandais<\/li>\n\n<li>Pour les probl\u00e8mes majeurs, elle passe par le tribunal de Hollande du Nord.<\/li>\n\n<li>Mais nous pr\u00e9f\u00e9rons r\u00e9soudre le probl\u00e8me ensemble !<\/li>\n<\/ul>\n\n<h3 class=\"wp-block-heading\">12. Heures d'ouverture<\/h3>\n\n<p>Nous sommes ouverts 7 jours sur 7 \u00e0 partir de 10 heures.<\/p>\n\n<ul class=\"wp-block-list\">\n<li><strong>D\u00e9jeuner :<\/strong> Lun-ven 11:00-17:00, sam-dim 11:30-17:00<\/li>\n\n<li><strong>D\u00eener :<\/strong> Lun-ven 17:00-22:00, sam-dim 17:30-22:00<\/li>\n<\/ul>\n\n<p>Consultez toujours notre site web pour conna\u00eetre les horaires en vigueur ou les jours f\u00e9ri\u00e9s.<\/p>\n\n<h3 class=\"wp-block-heading\">13. Forfaits journaliers<\/h3>\n\n<ul class=\"wp-block-list\">\n<li>Nous proposons des forfaits d'une journ\u00e9e compl\u00e8te<\/li>\n\n<li>Pensez-y : v\u00e9lo, bateau sur l'IJsselmeer, excursions culturelles.<\/li>\n\n<li>Tout est adapt\u00e9 \u00e0 vos besoins<\/li>\n\n<li>Renseignez-vous sur les possibilit\u00e9s via notre site web ou appelez-nous.<\/li>\n<\/ul>\n\n<h3 class=\"wp-block-heading\">14. Occasions sp\u00e9ciales<\/h3>\n\n<ul class=\"wp-block-list\">\n<li>Les conditions d'annulation pour les groupes seront discut\u00e9es en personne<\/li>\n\n<li>Des conditions diff\u00e9rentes s'appliquent parfois pour les groupes et les occasions sp\u00e9ciales<\/li>\n\n<li>Discutez-en lors de la r\u00e9servation<\/li>\n<\/ul>\n\n<p><strong>Derni\u00e8re mise \u00e0 jour :<\/strong> 23-06-2025<\/p>\n<hr class=\"wp-block-separator has-alpha-channel-opacity\" \/>\n<p><strong>Contact :<\/strong><br \/>Caf\u00e9 De Dijk Volendam<br \/>Harbour 108, 1131 EV Volendam<br \/><a href=\"mailto:info@dedijkvolendam.nl\">info@dedijkvolendam.nl<\/a><\/p>\n\n<p>\u00a0<\/p>\n\t\t\t\t\t\t\t\t<\/div>\n\t\t\t\t<\/div>\n\t\t\t\t\t<\/div>\n\t\t\t\t<\/div>\n\t\t\t\t<\/div>","protected":false},"excerpt":{"rendered":"<p>ALGEMENE VOORWAARDEN CAF\u00c9 DE DIJK VOLENDAM Wij zijn Caf\u00e9 De Dijk, het restaurant aan de haven van Volendam waar je kunt genieten van koffie, lunch en diner met prachtig uitzicht op het IJsselmeer. Algemene voorwaarden https:\/\/www.cafededijk.nl\/ Via onze website maken we het je graag makkelijk om een tafel te reserveren en alvast een kijkje te [&hellip;]<\/p>\n","protected":false},"author":1,"featured_media":0,"parent":0,"menu_order":0,"comment_status":"closed","ping_status":"closed","template":"","meta":{"footnotes":""},"class_list":["post-32","page","type-page","status-publish","hentry"],"yoast_head":"<!-- This site is optimized with the Yoast SEO plugin v27.6 - https:\/\/yoast.com\/product\/yoast-seo-wordpress\/ -->\n<title>Lees hier onze algemene voorwaarden | Caf\u00e9 de Dijk<\/title>\n<meta name=\"description\" content=\"Lees hier de algemene voorwaarden van Caf\u00e9 de Dijk. Onze transparante afspraken over reserveringen, betalingen, aansprakelijkheid en meer.\" \/>\n<meta name=\"robots\" content=\"index, follow, max-snippet:-1, max-image-preview:large, max-video-preview:-1\" \/>\n<link rel=\"canonical\" href=\"https:\/\/cafededijk.nl\/fr\/algemene-voorwaarden\/\" \/>\n<meta property=\"og:locale\" content=\"fr_FR\" \/>\n<meta property=\"og:type\" content=\"article\" \/>\n<meta property=\"og:title\" content=\"Lees hier onze algemene voorwaarden | Caf\u00e9 de Dijk\" \/>\n<meta property=\"og:description\" content=\"Lees hier de algemene voorwaarden van Caf\u00e9 de Dijk. Onze transparante afspraken over reserveringen, betalingen, aansprakelijkheid en meer.\" \/>\n<meta property=\"og:url\" content=\"https:\/\/cafededijk.nl\/fr\/algemene-voorwaarden\/\" \/>\n<meta property=\"og:site_name\" content=\"Cafe De Dijk\" \/>\n<meta property=\"article:modified_time\" content=\"2026-03-26T10:57:53+00:00\" \/>\n<meta name=\"twitter:card\" content=\"summary_large_image\" \/>\n<meta name=\"twitter:label1\" content=\"Dur\u00e9e de lecture estim\u00e9e\" \/>\n\t<meta name=\"twitter:data1\" content=\"3 minutes\" \/>\n<script type=\"application\/ld+json\" class=\"yoast-schema-graph\">{\"@context\":\"https:\\\/\\\/schema.org\",\"@graph\":[{\"@type\":\"WebPage\",\"@id\":\"https:\\\/\\\/cafededijk.nl\\\/algemene-voorwaarden\\\/\",\"url\":\"https:\\\/\\\/cafededijk.nl\\\/algemene-voorwaarden\\\/\",\"name\":\"Lees hier onze algemene voorwaarden | Caf\u00e9 de Dijk\",\"isPartOf\":{\"@id\":\"https:\\\/\\\/cafededijk.nl\\\/#website\"},\"datePublished\":\"2025-04-22T14:47:32+00:00\",\"dateModified\":\"2026-03-26T10:57:53+00:00\",\"description\":\"Lees hier de algemene voorwaarden van Caf\u00e9 de Dijk. Onze transparante afspraken over reserveringen, betalingen, aansprakelijkheid en meer.\",\"breadcrumb\":{\"@id\":\"https:\\\/\\\/cafededijk.nl\\\/algemene-voorwaarden\\\/#breadcrumb\"},\"inLanguage\":\"fr-FR\",\"potentialAction\":[{\"@type\":\"ReadAction\",\"target\":[\"https:\\\/\\\/cafededijk.nl\\\/algemene-voorwaarden\\\/\"]}]},{\"@type\":\"BreadcrumbList\",\"@id\":\"https:\\\/\\\/cafededijk.nl\\\/algemene-voorwaarden\\\/#breadcrumb\",\"itemListElement\":[{\"@type\":\"ListItem\",\"position\":1,\"name\":\"Home\",\"item\":\"https:\\\/\\\/cafededijk.nl\\\/\"},{\"@type\":\"ListItem\",\"position\":2,\"name\":\"Algemene Voorwaarden\"}]},{\"@type\":\"WebSite\",\"@id\":\"https:\\\/\\\/cafededijk.nl\\\/#website\",\"url\":\"https:\\\/\\\/cafededijk.nl\\\/\",\"name\":\"Cafe De Dijk\",\"description\":\"\",\"publisher\":{\"@id\":\"https:\\\/\\\/cafededijk.nl\\\/#organization\"},\"potentialAction\":[{\"@type\":\"SearchAction\",\"target\":{\"@type\":\"EntryPoint\",\"urlTemplate\":\"https:\\\/\\\/cafededijk.nl\\\/?s={search_term_string}\"},\"query-input\":{\"@type\":\"PropertyValueSpecification\",\"valueRequired\":true,\"valueName\":\"search_term_string\"}}],\"inLanguage\":\"fr-FR\"},{\"@type\":\"Organization\",\"@id\":\"https:\\\/\\\/cafededijk.nl\\\/#organization\",\"name\":\"Cafe De Dijk\",\"url\":\"https:\\\/\\\/cafededijk.nl\\\/\",\"logo\":{\"@type\":\"ImageObject\",\"inLanguage\":\"fr-FR\",\"@id\":\"https:\\\/\\\/cafededijk.nl\\\/#\\\/schema\\\/logo\\\/image\\\/\",\"url\":\"https:\\\/\\\/cafededijk.nl\\\/wp-content\\\/uploads\\\/2025\\\/04\\\/brand_logo.webp\",\"contentUrl\":\"https:\\\/\\\/cafededijk.nl\\\/wp-content\\\/uploads\\\/2025\\\/04\\\/brand_logo.webp\",\"width\":780,\"height\":240,\"caption\":\"Cafe De Dijk\"},\"image\":{\"@id\":\"https:\\\/\\\/cafededijk.nl\\\/#\\\/schema\\\/logo\\\/image\\\/\"}}]}<\/script>\n<!-- \/ Yoast SEO plugin. -->","yoast_head_json":{"title":"Lees hier onze algemene voorwaarden | Caf\u00e9 de Dijk","description":"Lees hier de algemene voorwaarden van Caf\u00e9 de Dijk. Onze transparante afspraken over reserveringen, betalingen, aansprakelijkheid en meer.","robots":{"index":"index","follow":"follow","max-snippet":"max-snippet:-1","max-image-preview":"max-image-preview:large","max-video-preview":"max-video-preview:-1"},"canonical":"https:\/\/cafededijk.nl\/fr\/algemene-voorwaarden\/","og_locale":"fr_FR","og_type":"article","og_title":"Lees hier onze algemene voorwaarden | Caf\u00e9 de Dijk","og_description":"Lees hier de algemene voorwaarden van Caf\u00e9 de Dijk. Onze transparante afspraken over reserveringen, betalingen, aansprakelijkheid en meer.","og_url":"https:\/\/cafededijk.nl\/fr\/algemene-voorwaarden\/","og_site_name":"Cafe De Dijk","article_modified_time":"2026-03-26T10:57:53+00:00","twitter_card":"summary_large_image","twitter_misc":{"Dur\u00e9e de lecture estim\u00e9e":"3 minutes"},"schema":{"@context":"https:\/\/schema.org","@graph":[{"@type":"WebPage","@id":"https:\/\/cafededijk.nl\/algemene-voorwaarden\/","url":"https:\/\/cafededijk.nl\/algemene-voorwaarden\/","name":"Lees hier onze algemene voorwaarden | Caf\u00e9 de Dijk","isPartOf":{"@id":"https:\/\/cafededijk.nl\/#website"},"datePublished":"2025-04-22T14:47:32+00:00","dateModified":"2026-03-26T10:57:53+00:00","description":"Lees hier de algemene voorwaarden van Caf\u00e9 de Dijk. Onze transparante afspraken over reserveringen, betalingen, aansprakelijkheid en meer.","breadcrumb":{"@id":"https:\/\/cafededijk.nl\/algemene-voorwaarden\/#breadcrumb"},"inLanguage":"fr-FR","potentialAction":[{"@type":"ReadAction","target":["https:\/\/cafededijk.nl\/algemene-voorwaarden\/"]}]},{"@type":"BreadcrumbList","@id":"https:\/\/cafededijk.nl\/algemene-voorwaarden\/#breadcrumb","itemListElement":[{"@type":"ListItem","position":1,"name":"Home","item":"https:\/\/cafededijk.nl\/"},{"@type":"ListItem","position":2,"name":"Algemene Voorwaarden"}]},{"@type":"WebSite","@id":"https:\/\/cafededijk.nl\/#website","url":"https:\/\/cafededijk.nl\/","name":"Caf\u00e9 De Dijk","description":"","publisher":{"@id":"https:\/\/cafededijk.nl\/#organization"},"potentialAction":[{"@type":"SearchAction","target":{"@type":"EntryPoint","urlTemplate":"https:\/\/cafededijk.nl\/?s={search_term_string}"},"query-input":{"@type":"PropertyValueSpecification","valueRequired":true,"valueName":"search_term_string"}}],"inLanguage":"fr-FR"},{"@type":"Organization","@id":"https:\/\/cafededijk.nl\/#organization","name":"Caf\u00e9 De Dijk","url":"https:\/\/cafededijk.nl\/","logo":{"@type":"ImageObject","inLanguage":"fr-FR","@id":"https:\/\/cafededijk.nl\/#\/schema\/logo\/image\/","url":"https:\/\/cafededijk.nl\/wp-content\/uploads\/2025\/04\/brand_logo.webp","contentUrl":"https:\/\/cafededijk.nl\/wp-content\/uploads\/2025\/04\/brand_logo.webp","width":780,"height":240,"caption":"Cafe De Dijk"},"image":{"@id":"https:\/\/cafededijk.nl\/#\/schema\/logo\/image\/"}}]}},"jetpack_sharing_enabled":true,"_links":{"self":[{"href":"https:\/\/cafededijk.nl\/fr\/wp-json\/wp\/v2\/pages\/32","targetHints":{"allow":["GET"]}}],"collection":[{"href":"https:\/\/cafededijk.nl\/fr\/wp-json\/wp\/v2\/pages"}],"about":[{"href":"https:\/\/cafededijk.nl\/fr\/wp-json\/wp\/v2\/types\/page"}],"author":[{"embeddable":true,"href":"https:\/\/cafededijk.nl\/fr\/wp-json\/wp\/v2\/users\/1"}],"replies":[{"embeddable":true,"href":"https:\/\/cafededijk.nl\/fr\/wp-json\/wp\/v2\/comments?post=32"}],"version-history":[{"count":5,"href":"https:\/\/cafededijk.nl\/fr\/wp-json\/wp\/v2\/pages\/32\/revisions"}],"predecessor-version":[{"id":3975,"href":"https:\/\/cafededijk.nl\/fr\/wp-json\/wp\/v2\/pages\/32\/revisions\/3975"}],"wp:attachment":[{"href":"https:\/\/cafededijk.nl\/fr\/wp-json\/wp\/v2\/media?parent=32"}],"curies":[{"name":"wp","href":"https:\/\/api.w.org\/{rel}","templated":true}]}}